{"id":61,"date":"2020-01-23T18:21:52","date_gmt":"2020-01-23T18:21:52","guid":{"rendered":"https:\/\/demosites.io\/web-agency-gb\/?page_id=61"},"modified":"2022-12-18T12:19:35","modified_gmt":"2022-12-18T11:19:35","slug":"15c42-web-agency-gb-about-us","status":"publish","type":"page","link":"https:\/\/capri-com.fr\/index.php\/15c42-web-agency-gb-about-us\/","title":{"rendered":"Qui suis-je ?"},"content":{"rendered":"<div id=\"dslc-content\" class=\"dslc-content dslc-clearfix\"><div id=\"dslc-main\">\r\n\t\t\t<div  class=\"dslc-modules-section  dslc-full \" style=\"padding-top:5px;padding-bottom:5px;\" data-section-id=\"75d35935921\">\r\n\t\t\t\t\r\n\t\t\t\t\r\n\t\t\t\t<div class=\"dslc-modules-section-wrapper dslc-clearfix\"><div  class=\"dslc-modules-area dslc-col dslc-12-col dslc-last-col dslc-valign-top \" data-size=\"12\" data-valign=\"top\" data-modules-area-id=\"\" ><style type=\"text\/css\" id=\"dslca-modules-area-\"><\/style>\r\n\t\t<div id=\"dslc-module-74bf21d0316\" class=\"dslc-module-front dslc-module-DSLC_Image dslc-in-viewport-check dslc-in-viewport-anim-none  dslc-col dslc-12-col dslc-last-col  dslc-module-handle-like-regular \" data-module-id=\"74bf21d0316\" data-module=\"DSLC_Image\" data-dslc-module-size=\"12\" data-dslc-anim=\"none\" data-dslc-anim-delay=\"\" data-dslc-anim-duration=\"650\"  data-dslc-anim-easing=\"ease\" data-dslc-preset=\"none\" >\r\n\r\n\t\t\t\r\n\t\t\t\r\n\t\t\t\t<div class=\"dslc-image-container\">\r\n\t\t<div class=\"dslc-image\">\r\n\r\n\t\t\t\r\n\t\t\t\t\r\n\t\t\t\t\t\t\t\t\t<img src=\"https:\/\/capri-com.fr\/wp-content\/uploads\/2022\/10\/IMG_0753-scaled-e1664716856667.jpg\" alt=\"\" title=\"\" srcset=\"https:\/\/capri-com.fr\/wp-content\/uploads\/2022\/10\/IMG_0753-scaled-e1664716856667.jpg 2560w, https:\/\/capri-com.fr\/wp-content\/uploads\/2022\/10\/IMG_0753-scaled-e1664716856667-300x133.jpg 300w, https:\/\/capri-com.fr\/wp-content\/uploads\/2022\/10\/IMG_0753-scaled-e1664716856667-1024x453.jpg 1024w, https:\/\/capri-com.fr\/wp-content\/uploads\/2022\/10\/IMG_0753-scaled-e1664716856667-768x340.jpg 768w, https:\/\/capri-com.fr\/wp-content\/uploads\/2022\/10\/IMG_0753-scaled-e1664716856667-1536x679.jpg 1536w, https:\/\/capri-com.fr\/wp-content\/uploads\/2022\/10\/IMG_0753-scaled-e1664716856667-2048x906.jpg 2048w\" sizes=\"(max-width: 2560px) 100vw, 2560px\" \/>\r\n\t\t\t\t\r\n\t\t\t\t\t\t\t\t\t<\/div><!-- .dslc-image -->\r\n\t\t<\/div>\r\n\t\t\r\n\t\t\t\t<\/div><!-- .dslc-module -->\r\n\t\t\r\n\t\t<div id=\"dslc-module-5a11a298737\" class=\"dslc-module-front dslc-module-DSLC_Navigation dslc-in-viewport-check dslc-in-viewport-anim-none  dslc-col dslc-12-col dslc-last-col  dslc-module-handle-like-regular \" data-module-id=\"5a11a298737\" data-module=\"DSLC_Navigation\" data-dslc-module-size=\"12\" data-dslc-anim=\"none\" data-dslc-anim-delay=\"0\" data-dslc-anim-duration=\"650\"  data-dslc-anim-easing=\"default\" data-dslc-preset=\"none\" >\r\n\r\n\t\t\t\r\n\t\t\t\r\n\t\t\t\t\t<div class=\"dslc-navigation dslc-navigation-sub-position-default dslc-navigation-res-t-disabled dslc-navigation-res-p-disabled dslc-navigation-orientation-horizontal\">\n\t\t\t\t<div class=\"dslc-navigation-inner\">\n\t\t\t\t\t<div class=\"menu-menu-container\"><ul id=\"menu-menu-1\" class=\"menu\"><li class=\"menu-item menu-item-type-post_type menu-item-object-page menu-item-home menu-item-576\"><a href=\"https:\/\/capri-com.fr\/\">Capricom'<\/a><\/li>\n<li class=\"menu-item menu-item-type-post_type menu-item-object-page menu-item-577\"><a href=\"https:\/\/capri-com.fr\/index.php\/15c42-web-agency-gb-about-us\/\">Qui suis-je ?<\/a><\/li>\n<li class=\"menu-item menu-item-type-post_type menu-item-object-page menu-item-578\"><a href=\"https:\/\/capri-com.fr\/index.php\/identite-visuelle-2\/\">Identit\u00e9 visuelle<\/a><\/li>\n<li class=\"menu-item menu-item-type-post_type menu-item-object-page menu-item-579\"><a href=\"https:\/\/capri-com.fr\/index.php\/15c42-web-agency-gb-portfolio\/\">Print<\/a><\/li>\n<li class=\"menu-item menu-item-type-post_type menu-item-object-page menu-item-580\"><a href=\"https:\/\/capri-com.fr\/index.php\/15c42-web-agency-gb-portfolio-single\/\">Web<\/a><\/li>\n<li class=\"menu-item menu-item-type-post_type menu-item-object-page menu-item-581\"><a href=\"https:\/\/capri-com.fr\/index.php\/15c42-web-agency-gb-contact-us\/\">Me contacter<\/a><\/li>\n<\/ul><\/div>\n\t\t\t\t\t\t\t\t\t<\/div>\n\t\t\t<\/div>\n\t\t\t<div class=\"dslc-mobile-navigation dslc-navigation-res-t-disabled  dslc-navigation-res-p-disabled\">\n\t\t\t\t<select><option>- Select -<\/option><option value=\"https:\/\/capri-com.fr\/\" >Capricom'<\/option><option value=\"https:\/\/capri-com.fr\/index.php\/15c42-web-agency-gb-about-us\/\" >Qui suis-je ?<\/option><option value=\"https:\/\/capri-com.fr\/index.php\/identite-visuelle-2\/\" >Identit\u00e9 visuelle<\/option><option value=\"https:\/\/capri-com.fr\/index.php\/15c42-web-agency-gb-portfolio\/\" >Print<\/option><option value=\"https:\/\/capri-com.fr\/index.php\/15c42-web-agency-gb-portfolio-single\/\" >Web<\/option><option value=\"https:\/\/capri-com.fr\/index.php\/15c42-web-agency-gb-contact-us\/\" >Me contacter<\/option><\/select>\n\t\t\t\t<div class=\"dslc-mobile-navigation-hook\"><span class=\"dslc-icon dslc-icon-reorder\"><\/span><\/div>\n\t\t\t<\/div><!-- .dslc-mobile-navigation -->\n\n\t\t\t\n\t\t\t<script type=\"text\/javascript\">\n\t\t\t\tvar menuItems = document.querySelectorAll( '.dslc-navigation .menu > li.menu-item-has-children:not(.menu-with-arrow) > a' );\n\n\t\t\t\tfor (var i = 0, len = menuItems.length; i < len; i++) {\n\t\t\t\t  menuItems[i].insertAdjacentHTML('afterend', '<span class=\"dslc-navigation-arrow dslc-icon dslc-icon-chevron-down\"><\/span>');\n\t\t\t\t  menuItems[i].parentElement.className += \" menu-with-arrow\";\n\t\t\t\t}\n\t\t\t<\/script>\n\t\t\t\r\n\t\t\t\t<\/div><!-- .dslc-module -->\r\n\t\t<\/div><\/div><\/div>\r\n\t\t\t<div  class=\"dslc-modules-section \" style=\"\" data-section-id=\"75d35935921\">\r\n\t\t\t\t\r\n\t\t\t\t\r\n\t\t\t\t<div class=\"dslc-modules-section-wrapper dslc-clearfix\"><div  class=\"dslc-modules-area dslc-col dslc-12-col dslc-last-col dslc-valign- \" data-size=\"12\" data-valign=\"\" data-modules-area-id=\"\" ><style type=\"text\/css\" id=\"dslca-modules-area-\"><\/style>\r\n\t\t<div id=\"dslc-module-f1c43a214c3\" class=\"dslc-module-front dslc-module-DSLC_TP_Title dslc-in-viewport-check dslc-in-viewport-anim-none  dslc-col dslc-12-col dslc-last-col  dslc-module-handle-like-regular \" data-module-id=\"f1c43a214c3\" data-module=\"DSLC_TP_Title\" data-dslc-module-size=\"12\" data-dslc-anim=\"none\" data-dslc-anim-delay=\"\" data-dslc-anim-duration=\"650\"  data-dslc-anim-easing=\"ease\" data-dslc-preset=\"none\" >\r\n\r\n\t\t\t\r\n\t\t\t\r\n\t\t\r\n\t<div class=\"dslc-tp-title\">\r\n\t\t\t\t\t<div class=\"dslc-tp-title\"><h1>Qui suis-je ?<\/h1><\/div>\r\n\t\t\t<\/div>\r\n\r\n\t\r\n\t\t\t\t<\/div><!-- .dslc-module -->\r\n\t\t<\/div><\/div><\/div>\r\n\t\t\t<div  class=\"dslc-modules-section \" style=\"padding-top:7px;padding-bottom:7px;\" data-section-id=\"75d35935921\">\r\n\t\t\t\t\r\n\t\t\t\t\r\n\t\t\t\t<div class=\"dslc-modules-section-wrapper dslc-clearfix\"><div  class=\"dslc-modules-area dslc-col dslc-4-col dslc-first-col dslc-valign- \" data-size=\"4\" data-valign=\"\" data-modules-area-id=\"\" ><style type=\"text\/css\" id=\"dslca-modules-area-\"><\/style>\r\n\t\t<div id=\"dslc-module-855108d03e2\" class=\"dslc-module-front dslc-module-DSLC_Text_Simple dslc-in-viewport-check dslc-in-viewport-anim-none  dslc-col dslc-12-col dslc-last-col  dslc-module-handle-like-regular \" data-module-id=\"855108d03e2\" data-module=\"DSLC_Text_Simple\" data-dslc-module-size=\"12\" data-dslc-anim=\"none\" data-dslc-anim-delay=\"\" data-dslc-anim-duration=\"650\"  data-dslc-anim-easing=\"ease\" data-dslc-preset=\"none\" >\r\n\r\n\t\t\t\r\n\t\t\t\r\n\t\t\n\t\t<div class=\"dslc-text-module-content\">\n\t\t\t<p>Je m'appelle Gwendydd et je suis <strong>conceptrice en communication visuelle<\/strong>. N\u00e9e sur les skis d'un p\u00e8re travaillant au Dauphin\u00e9 Lib\u00e9r\u00e9 et d'une m\u00e8re assistante sociale c'est tout naturellement que je me suis orient\u00e9e vers la communication, la photographie & le dessin !<\/p>\t\t<\/div>\n\n\t\t\r\n\t\t\t\t<\/div><!-- .dslc-module -->\r\n\t\t\r\n\t\t<div id=\"dslc-module-b5277126498\" class=\"dslc-module-front dslc-module-DSLC_Separator dslc-in-viewport-check dslc-in-viewport-anim-none  dslc-col dslc-12-col dslc-last-col  dslc-module-handle-like-regular \" data-module-id=\"b5277126498\" data-module=\"DSLC_Separator\" data-dslc-module-size=\"12\" data-dslc-anim=\"none\" data-dslc-anim-delay=\"0\" data-dslc-anim-duration=\"650\"  data-dslc-anim-easing=\"ease\" data-dslc-preset=\"none\" >\r\n\r\n\t\t\t\r\n\t\t\t\r\n\t\t\t\t\t<div class=\"dslc-separator-wrapper\">\n\t\t\t\t<div class=\"dslc-separator dslc-separator-style-invisible\">\n\t\t\t\t\t\t\t\t\t<\/div>\n\t\t\t\t<div><\/div>\n\t\t\t<\/div><!-- .dslc-separator-wrapper -->\n\t\t\t\r\n\t\t\t\t<\/div><!-- .dslc-module -->\r\n\t\t\r\n\t\t<div id=\"dslc-module-crqeokljrlo\" class=\"dslc-module-front dslc-module-DSLC_Text_Simple dslc-in-viewport-check dslc-in-viewport-anim-none  dslc-col dslc-12-col dslc-last-col  dslc-module-handle-like-regular \" data-module-id=\"crqeokljrlo\" data-module=\"DSLC_Text_Simple\" data-dslc-module-size=\"12\" data-dslc-anim=\"none\" data-dslc-anim-delay=\"\" data-dslc-anim-duration=\"650\"  data-dslc-anim-easing=\"ease\" data-dslc-preset=\"none\" >\r\n\r\n\t\t\t\r\n\t\t\t\r\n\t\t\n\t\t<div class=\"dslc-text-module-content\">\n\t\t\t<p><span style=\"color: #000000;\">Apr\u00e8s plusieurs ann\u00e9es en entreprise&nbsp; et de b\u00e9n\u00e9volat, j'ai eu l'opportunit\u00e9 incroyable de r\u00e9aliser la campagne de communication du Maire sortant pour les \u00e9lections municipales de ma commune en 2020. C'est l\u00e0 qu'a germ\u00e9 l'id\u00e9e <em>de l'entrepreneuriat !<\/em><\/span><\/p>\t\t<\/div>\n\n\t\t\r\n\t\t\t\t<\/div><!-- .dslc-module -->\r\n\t\t\r\n\t\t<div id=\"dslc-module-bd330c8bc31\" class=\"dslc-module-front dslc-module-DSLC_Separator dslc-in-viewport-check dslc-in-viewport-anim-none  dslc-col dslc-12-col dslc-last-col  dslc-module-handle-like-regular \" data-module-id=\"bd330c8bc31\" data-module=\"DSLC_Separator\" data-dslc-module-size=\"12\" data-dslc-anim=\"none\" data-dslc-anim-delay=\"0\" data-dslc-anim-duration=\"650\"  data-dslc-anim-easing=\"ease\" data-dslc-preset=\"none\" >\r\n\r\n\t\t\t\r\n\t\t\t\r\n\t\t\t\t\t<div class=\"dslc-separator-wrapper\">\n\t\t\t\t<div class=\"dslc-separator dslc-separator-style-invisible\">\n\t\t\t\t\t\t\t\t\t<\/div>\n\t\t\t\t<div><\/div>\n\t\t\t<\/div><!-- .dslc-separator-wrapper -->\n\t\t\t\r\n\t\t\t\t<\/div><!-- .dslc-module -->\r\n\t\t\r\n\t\t<div id=\"dslc-module-b449f638a0a\" class=\"dslc-module-front dslc-module-DSLC_Image dslc-in-viewport-check dslc-in-viewport-anim-none  dslc-col dslc-12-col dslc-last-col  dslc-module-handle-like-regular \" data-module-id=\"b449f638a0a\" data-module=\"DSLC_Image\" data-dslc-module-size=\"12\" data-dslc-anim=\"none\" data-dslc-anim-delay=\"\" data-dslc-anim-duration=\"650\"  data-dslc-anim-easing=\"ease\" data-dslc-preset=\"none\" >\r\n\r\n\t\t\t\r\n\t\t\t\r\n\t\t\t\t<div class=\"dslc-image-container\">\r\n\t\t<div class=\"dslc-image\">\r\n\r\n\t\t\t\r\n\t\t\t\t\r\n\t\t\t\t\t\t\t\t\t<img src=\"https:\/\/capri-com.fr\/wp-content\/uploads\/2022\/09\/Dark_Amber_Jar_Mockup-1.png\" alt=\"\" title=\"\" srcset=\"https:\/\/capri-com.fr\/wp-content\/uploads\/2022\/09\/Dark_Amber_Jar_Mockup-1.png 3000w, https:\/\/capri-com.fr\/wp-content\/uploads\/2022\/09\/Dark_Amber_Jar_Mockup-1-300x200.png 300w, https:\/\/capri-com.fr\/wp-content\/uploads\/2022\/09\/Dark_Amber_Jar_Mockup-1-1024x683.png 1024w, https:\/\/capri-com.fr\/wp-content\/uploads\/2022\/09\/Dark_Amber_Jar_Mockup-1-768x512.png 768w, https:\/\/capri-com.fr\/wp-content\/uploads\/2022\/09\/Dark_Amber_Jar_Mockup-1-1536x1024.png 1536w, https:\/\/capri-com.fr\/wp-content\/uploads\/2022\/09\/Dark_Amber_Jar_Mockup-1-2048x1365.png 2048w, https:\/\/capri-com.fr\/wp-content\/uploads\/2022\/09\/Dark_Amber_Jar_Mockup-1-930x620.png 930w\" sizes=\"(max-width: 3000px) 100vw, 3000px\" \/>\r\n\t\t\t\t\r\n\t\t\t\t\t\t\t\t\t<\/div><!-- .dslc-image -->\r\n\t\t<\/div>\r\n\t\t\r\n\t\t\t\t<\/div><!-- .dslc-module -->\r\n\t\t<\/div><div  class=\"dslc-modules-area dslc-col dslc-4-col  dslc-valign- \" data-size=\"4\" data-valign=\"\" data-modules-area-id=\"\" ><style type=\"text\/css\" id=\"dslca-modules-area-\"><\/style>\r\n\t\t<div id=\"dslc-module-hs7pdbeg5v\" class=\"dslc-module-front dslc-module-DSLC_Text_Simple dslc-in-viewport-check dslc-in-viewport-anim-none  dslc-col dslc-12-col dslc-last-col  dslc-module-handle-like-regular \" data-module-id=\"hs7pdbeg5v\" data-module=\"DSLC_Text_Simple\" data-dslc-module-size=\"12\" data-dslc-anim=\"none\" data-dslc-anim-delay=\"\" data-dslc-anim-duration=\"650\"  data-dslc-anim-easing=\"ease\" data-dslc-preset=\"none\" >\r\n\r\n\t\t\t\r\n\t\t\t\r\n\t\t\n\t\t<div class=\"dslc-text-module-content\">\n\t\t\t<p><span style=\"color: #000000;\">En janvier 2022, Capricom' voit le jour avec <strong>un \u0153il global sur la cha\u00eene graphique<\/strong> et l'envie d'accompagner <strong>particuliers, entrepreneurs & entreprises<\/strong> dans tous leurs projets.<\/span><\/p>\t\t<\/div>\n\n\t\t\r\n\t\t\t\t<\/div><!-- .dslc-module -->\r\n\t\t\r\n\t\t<div id=\"dslc-module-e3f6d4d0cb5\" class=\"dslc-module-front dslc-module-DSLC_Separator dslc-in-viewport-check dslc-in-viewport-anim-none  dslc-col dslc-12-col dslc-last-col  dslc-module-handle-like-regular \" data-module-id=\"e3f6d4d0cb5\" data-module=\"DSLC_Separator\" data-dslc-module-size=\"12\" data-dslc-anim=\"none\" data-dslc-anim-delay=\"0\" data-dslc-anim-duration=\"650\"  data-dslc-anim-easing=\"ease\" data-dslc-preset=\"none\" >\r\n\r\n\t\t\t\r\n\t\t\t\r\n\t\t\t\t\t<div class=\"dslc-separator-wrapper\">\n\t\t\t\t<div class=\"dslc-separator dslc-separator-style-invisible\">\n\t\t\t\t\t\t\t\t\t<\/div>\n\t\t\t\t<div><\/div>\n\t\t\t<\/div><!-- .dslc-separator-wrapper -->\n\t\t\t\r\n\t\t\t\t<\/div><!-- .dslc-module -->\r\n\t\t\r\n\t\t<div id=\"dslc-module-c6f7fe7a9ce\" class=\"dslc-module-front dslc-module-DSLC_Image dslc-in-viewport-check dslc-in-viewport-anim-none  dslc-col dslc-12-col dslc-last-col  dslc-module-handle-like-regular \" data-module-id=\"c6f7fe7a9ce\" data-module=\"DSLC_Image\" data-dslc-module-size=\"12\" data-dslc-anim=\"none\" data-dslc-anim-delay=\"\" data-dslc-anim-duration=\"650\"  data-dslc-anim-easing=\"ease\" data-dslc-preset=\"none\" >\r\n\r\n\t\t\t\r\n\t\t\t\r\n\t\t\t\t<div class=\"dslc-image-container\">\r\n\t\t<div class=\"dslc-image\">\r\n\r\n\t\t\t\r\n\t\t\t\t\r\n\t\t\t\t\t\t\t\t\t<img src=\"https:\/\/capri-com.fr\/wp-content\/uploads\/2022\/09\/site-internet.png\" alt=\"\" title=\"\" srcset=\"https:\/\/capri-com.fr\/wp-content\/uploads\/2022\/09\/site-internet.png 4600w, https:\/\/capri-com.fr\/wp-content\/uploads\/2022\/09\/site-internet-300x200.png 300w, https:\/\/capri-com.fr\/wp-content\/uploads\/2022\/09\/site-internet-1024x683.png 1024w, https:\/\/capri-com.fr\/wp-content\/uploads\/2022\/09\/site-internet-768x512.png 768w, https:\/\/capri-com.fr\/wp-content\/uploads\/2022\/09\/site-internet-1536x1024.png 1536w, https:\/\/capri-com.fr\/wp-content\/uploads\/2022\/09\/site-internet-2048x1365.png 2048w, https:\/\/capri-com.fr\/wp-content\/uploads\/2022\/09\/site-internet-930x620.png 930w\" sizes=\"(max-width: 4600px) 100vw, 4600px\" \/>\r\n\t\t\t\t\r\n\t\t\t\t\t\t\t\t\t<\/div><!-- .dslc-image -->\r\n\t\t<\/div>\r\n\t\t\r\n\t\t\t\t<\/div><!-- .dslc-module -->\r\n\t\t\r\n\t\t<div id=\"dslc-module-846f0d4d33d\" class=\"dslc-module-front dslc-module-DSLC_Text_Simple dslc-in-viewport-check dslc-in-viewport-anim-none  dslc-col dslc-12-col dslc-last-col  dslc-module-handle-like-regular \" data-module-id=\"846f0d4d33d\" data-module=\"DSLC_Text_Simple\" data-dslc-module-size=\"12\" data-dslc-anim=\"none\" data-dslc-anim-delay=\"\" data-dslc-anim-duration=\"650\"  data-dslc-anim-easing=\"ease\" data-dslc-preset=\"none\" >\r\n\r\n\t\t\t\r\n\t\t\t\r\n\t\t\n\t\t<div class=\"dslc-text-module-content\">\n\t\t\t<p><!-- wp:paragraph {\"textColor\":\"nv-site-bg\",\"fontSize\":\"extra-small\"} --><\/p><p class=\"has-nv-site-bg-color has-text-color has-extra-small-font-size\"><span style=\"color: #000000;\">Au del\u00e0 d'une consultante en communication globale je suis passionn\u00e9e par de nombreux sujets !<\/span><\/p><p><span style=\"color: #000000;\"><!-- \/wp:paragraph --> <!-- wp:list {\"textColor\":\"nv-site-bg\"} --><\/span><\/p><ul><li><span style=\"color: #000000;\">La Photographie & le dessin<\/span><\/li><li><span style=\"color: #000000;\">L'Histoire & la g\u00e9n\u00e9alogie<\/span><\/li><li><span style=\"color: #000000;\">Les voyages<\/span><\/li><\/ul><p><span style=\"color: #000000;\"><!-- \/wp:list --><\/span><\/p>\t\t<\/div>\n\n\t\t\r\n\t\t\t\t<\/div><!-- .dslc-module -->\r\n\t\t<\/div><div  class=\"dslc-modules-area dslc-col dslc-4-col dslc-last-col dslc-valign- \" data-size=\"4\" data-valign=\"\" data-modules-area-id=\"\" ><style type=\"text\/css\" id=\"dslca-modules-area-\"><\/style>\r\n\t\t<div id=\"dslc-module-443f88b9cd5\" class=\"dslc-module-front dslc-module-DSLC_Image dslc-in-viewport-check dslc-in-viewport-anim-none  dslc-col dslc-12-col dslc-last-col  dslc-module-handle-like-regular \" data-module-id=\"443f88b9cd5\" data-module=\"DSLC_Image\" data-dslc-module-size=\"12\" data-dslc-anim=\"none\" data-dslc-anim-delay=\"\" data-dslc-anim-duration=\"650\"  data-dslc-anim-easing=\"ease\" data-dslc-preset=\"none\" >\r\n\r\n\t\t\t\r\n\t\t\t\r\n\t\t\t\t<div class=\"dslc-image-container\">\r\n\t\t<div class=\"dslc-image\">\r\n\r\n\t\t\t\r\n\t\t\t\t\r\n\t\t\t\t\t\t\t\t\t<img src=\"https:\/\/capri-com.fr\/wp-content\/uploads\/2022\/09\/test.png\" alt=\"\" title=\"\" srcset=\"https:\/\/capri-com.fr\/wp-content\/uploads\/2022\/09\/test.png 3168w, https:\/\/capri-com.fr\/wp-content\/uploads\/2022\/09\/test-200x300.png 200w, https:\/\/capri-com.fr\/wp-content\/uploads\/2022\/09\/test-683x1024.png 683w, https:\/\/capri-com.fr\/wp-content\/uploads\/2022\/09\/test-768x1152.png 768w, https:\/\/capri-com.fr\/wp-content\/uploads\/2022\/09\/test-1024x1536.png 1024w, https:\/\/capri-com.fr\/wp-content\/uploads\/2022\/09\/test-1365x2048.png 1365w\" sizes=\"(max-width: 3168px) 100vw, 3168px\" \/>\r\n\t\t\t\t\r\n\t\t\t\t\t\t\t\t\t<\/div><!-- .dslc-image -->\r\n\t\t<\/div>\r\n\t\t\r\n\t\t\t\t<\/div><!-- .dslc-module -->\r\n\t\t<\/div><\/div><\/div>\r\n\t\t\t<div  class=\"dslc-modules-section \" style=\"padding-top:28px;padding-bottom:28px;\" data-section-id=\"13da062fb97\">\r\n\t\t\t\t\r\n\t\t\t\t\r\n\t\t\t\t<div class=\"dslc-modules-section-wrapper dslc-clearfix\"><\/div><\/div>\r\n\t\t\t<div  class=\"dslc-modules-section \" style=\"background-color:#230eae;\" data-section-id=\"75d35935921\">\r\n\t\t\t\t\r\n\t\t\t\t\r\n\t\t\t\t<div class=\"dslc-modules-section-wrapper dslc-clearfix\"><div  class=\"dslc-modules-area dslc-col dslc-6-col dslc-first-col dslc-valign- \" data-size=\"6\" data-valign=\"\" data-modules-area-id=\"\" ><style type=\"text\/css\" id=\"dslca-modules-area-\"><\/style>\r\n\t\t<div id=\"dslc-module-b6f19be0cb8\" class=\"dslc-module-front dslc-module-DSLC_Image dslc-in-viewport-check dslc-in-viewport-anim-none  dslc-col dslc-12-col dslc-last-col  dslc-module-handle-like-regular \" data-module-id=\"b6f19be0cb8\" data-module=\"DSLC_Image\" data-dslc-module-size=\"12\" data-dslc-anim=\"none\" data-dslc-anim-delay=\"\" data-dslc-anim-duration=\"650\"  data-dslc-anim-easing=\"ease\" data-dslc-preset=\"none\" >\r\n\r\n\t\t\t\r\n\t\t\t\r\n\t\t\t\t<div class=\"dslc-image-container\">\r\n\t\t<div class=\"dslc-image\">\r\n\r\n\t\t\t\r\n\t\t\t\t\r\n\t\t\t\t\t\t\t\t\t<img src=\"https:\/\/capri-com.fr\/wp-content\/uploads\/2023\/09\/faune-2-scaled.jpg\" alt=\"\" title=\"\" srcset=\"https:\/\/capri-com.fr\/wp-content\/uploads\/2023\/09\/faune-2-scaled.jpg 2560w, https:\/\/capri-com.fr\/wp-content\/uploads\/2023\/09\/faune-2-300x225.jpg 300w, https:\/\/capri-com.fr\/wp-content\/uploads\/2023\/09\/faune-2-1024x768.jpg 1024w, https:\/\/capri-com.fr\/wp-content\/uploads\/2023\/09\/faune-2-768x576.jpg 768w, https:\/\/capri-com.fr\/wp-content\/uploads\/2023\/09\/faune-2-1536x1152.jpg 1536w, https:\/\/capri-com.fr\/wp-content\/uploads\/2023\/09\/faune-2-2048x1536.jpg 2048w\" sizes=\"(max-width: 2560px) 100vw, 2560px\" \/>\r\n\t\t\t\t\r\n\t\t\t\t\t\t\t\t\t<\/div><!-- .dslc-image -->\r\n\t\t<\/div>\r\n\t\t\r\n\t\t\t\t<\/div><!-- .dslc-module -->\r\n\t\t<\/div><div  class=\"dslc-modules-area dslc-col dslc-6-col dslc-last-col dslc-valign-undefined \" data-size=\"6\" data-valign=\"undefined\" data-modules-area-id=\"\" ><style type=\"text\/css\" id=\"dslca-modules-area-\"><\/style>\r\n\t\t<div id=\"dslc-module-20033d202fb\" class=\"dslc-module-front dslc-module-DSLC_Text_Simple dslc-in-viewport-check dslc-in-viewport-anim-none  dslc-col dslc-12-col dslc-last-col  dslc-module-handle-like-regular \" data-module-id=\"20033d202fb\" data-module=\"DSLC_Text_Simple\" data-dslc-module-size=\"12\" data-dslc-anim=\"none\" data-dslc-anim-delay=\"\" data-dslc-anim-duration=\"650\"  data-dslc-anim-easing=\"ease\" data-dslc-preset=\"none\" >\r\n\r\n\t\t\t\r\n\t\t\t\r\n\t\t\n\t\t<div class=\"dslc-text-module-content\">\n\t\t\t<p><span style=\"color: #ffffff;\">Vous cherchez des astuces ou simplement savoir comment je travail au quotidien ?<\/span><br><span style=\"color: #ffffff;\">C'est par ici !<\/span><\/p>\t\t<\/div>\n\n\t\t\r\n\t\t\t\t<\/div><!-- .dslc-module -->\r\n\t\t\r\n\t\t<div id=\"dslc-module-823edefa195\" class=\"dslc-module-front dslc-module-DSLC_Separator dslc-in-viewport-check dslc-in-viewport-anim-none  dslc-col dslc-12-col dslc-last-col  dslc-module-handle-like-regular \" data-module-id=\"823edefa195\" data-module=\"DSLC_Separator\" data-dslc-module-size=\"12\" data-dslc-anim=\"none\" data-dslc-anim-delay=\"0\" data-dslc-anim-duration=\"650\"  data-dslc-anim-easing=\"ease\" data-dslc-preset=\"none\" >\r\n\r\n\t\t\t\r\n\t\t\t\r\n\t\t\t\t\t<div class=\"dslc-separator-wrapper\">\n\t\t\t\t<div class=\"dslc-separator dslc-separator-style-invisible\">\n\t\t\t\t\t\t\t\t\t<\/div>\n\t\t\t\t<div><\/div>\n\t\t\t<\/div><!-- .dslc-separator-wrapper -->\n\t\t\t\r\n\t\t\t\t<\/div><!-- .dslc-module -->\r\n\t\t\r\n\t\t<div id=\"dslc-module-29ddcad7956\" class=\"dslc-module-front dslc-module-DSLC_Image dslc-in-viewport-check dslc-in-viewport-anim-none  dslc-col dslc-12-col dslc-last-col  dslc-module-handle-like-regular \" data-module-id=\"29ddcad7956\" data-module=\"DSLC_Image\" data-dslc-module-size=\"12\" data-dslc-anim=\"none\" data-dslc-anim-delay=\"\" data-dslc-anim-duration=\"650\"  data-dslc-anim-easing=\"ease\" data-dslc-preset=\"none\" >\r\n\r\n\t\t\t\r\n\t\t\t\r\n\t\t\t\t<div class=\"dslc-image-container\">\r\n\t\t<div class=\"dslc-image\">\r\n\r\n\t\t\t\r\n\t\t\t\t\r\n\t\t\t\t\t\t\t\t\t<img src=\"https:\/\/capri-com.fr\/wp-content\/uploads\/2022\/09\/citation.png\" alt=\"\" title=\"\" srcset=\"https:\/\/capri-com.fr\/wp-content\/uploads\/2022\/09\/citation.png 1624w, https:\/\/capri-com.fr\/wp-content\/uploads\/2022\/09\/citation-300x175.png 300w, https:\/\/capri-com.fr\/wp-content\/uploads\/2022\/09\/citation-1024x598.png 1024w, https:\/\/capri-com.fr\/wp-content\/uploads\/2022\/09\/citation-768x448.png 768w, https:\/\/capri-com.fr\/wp-content\/uploads\/2022\/09\/citation-1536x897.png 1536w\" sizes=\"(max-width: 1624px) 100vw, 1624px\" \/>\r\n\t\t\t\t\r\n\t\t\t\t\t\t\t\t\t<\/div><!-- .dslc-image -->\r\n\t\t<\/div>\r\n\t\t\r\n\t\t\t\t<\/div><!-- .dslc-module -->\r\n\t\t<\/div><\/div><\/div><\/div><\/div>","protected":false},"excerpt":{"rendered":"<p>Capricom' Qui suis-je ? Identit\u00e9 visuelle Print Web Me contacter - Select -Capricom'Qui suis-je ?Identit\u00e9 visuellePrintWebMe contacter Qui suis-je ? Je m'appelle Gwendydd et je suis conceptrice en communication visuelle. N\u00e9e sur les skis d'un p\u00e8re travaillant au Dauphin\u00e9 Lib\u00e9r\u00e9 et d'une m\u00e8re assistante sociale c'est tout naturellement que je me suis orient\u00e9e vers la&hellip;&nbsp;<a href=\"https:\/\/capri-com.fr\/index.php\/15c42-web-agency-gb-about-us\/\" rel=\"bookmark\">Lire la suite &raquo;<span class=\"screen-reader-text\">Qui suis-je ?<\/span><\/a><\/p>\n","protected":false},"author":1,"featured_media":0,"parent":0,"menu_order":0,"comment_status":"closed","ping_status":"closed","template":"","meta":{"neve_meta_sidebar":"default","neve_meta_container":"full-width","neve_meta_enable_content_width":"on","neve_meta_content_width":100,"neve_meta_title_alignment":"","neve_meta_author_avatar":"","neve_post_elements_order":"","neve_meta_disable_header":"","neve_meta_disable_footer":"","neve_meta_disable_title":"on","footnotes":""},"class_list":["post-61","page","type-page","status-publish","hentry"],"_links":{"self":[{"href":"https:\/\/capri-com.fr\/index.php\/wp-json\/wp\/v2\/pages\/61","targetHints":{"allow":["GET"]}}],"collection":[{"href":"https:\/\/capri-com.fr\/index.php\/wp-json\/wp\/v2\/pages"}],"about":[{"href":"https:\/\/capri-com.fr\/index.php\/wp-json\/wp\/v2\/types\/page"}],"author":[{"embeddable":true,"href":"https:\/\/capri-com.fr\/index.php\/wp-json\/wp\/v2\/users\/1"}],"replies":[{"embeddable":true,"href":"https:\/\/capri-com.fr\/index.php\/wp-json\/wp\/v2\/comments?post=61"}],"version-history":[{"count":34,"href":"https:\/\/capri-com.fr\/index.php\/wp-json\/wp\/v2\/pages\/61\/revisions"}],"predecessor-version":[{"id":591,"href":"https:\/\/capri-com.fr\/index.php\/wp-json\/wp\/v2\/pages\/61\/revisions\/591"}],"wp:attachment":[{"href":"https:\/\/capri-com.fr\/index.php\/wp-json\/wp\/v2\/media?parent=61"}],"curies":[{"name":"wp","href":"https:\/\/api.w.org\/{rel}","templated":true}]}}