{"id":573,"date":"2022-12-17T16:56:15","date_gmt":"2022-12-17T15:56:15","guid":{"rendered":"https:\/\/capri-com.fr\/?page_id=573"},"modified":"2022-12-18T12:19:56","modified_gmt":"2022-12-18T11:19:56","slug":"identite-visuelle-2","status":"publish","type":"page","link":"https:\/\/capri-com.fr\/index.php\/identite-visuelle-2\/","title":{"rendered":"Identit\u00e9 visuelle"},"content":{"rendered":"<div id=\"dslc-content\" class=\"dslc-content dslc-clearfix\"><div id=\"dslc-main\">\r\n\t\t\t<div  class=\"dslc-modules-section  dslc-full \" style=\"padding-top:5px;padding-bottom:5px;\" data-section-id=\"4c5c69108ba\">\r\n\t\t\t\t\r\n\t\t\t\t\r\n\t\t\t\t<div class=\"dslc-modules-section-wrapper dslc-clearfix\"><div  class=\"dslc-modules-area dslc-col dslc-12-col dslc-last-col dslc-valign-middle \" data-size=\"12\" data-valign=\"middle\" data-modules-area-id=\"\" ><style type=\"text\/css\" id=\"dslca-modules-area-\"><\/style>\r\n\t\t<div id=\"dslc-module-3cd6eb0dcd7\" class=\"dslc-module-front dslc-module-DSLC_Image dslc-in-viewport-check dslc-in-viewport-anim-none  dslc-col dslc-12-col dslc-last-col  dslc-module-handle-like-regular \" data-module-id=\"3cd6eb0dcd7\" data-module=\"DSLC_Image\" data-dslc-module-size=\"12\" data-dslc-anim=\"none\" data-dslc-anim-delay=\"\" data-dslc-anim-duration=\"650\"  data-dslc-anim-easing=\"ease\" data-dslc-preset=\"none\" >\r\n\r\n\t\t\t\r\n\t\t\t\r\n\t\t\t\t<div class=\"dslc-image-container\">\r\n\t\t<div class=\"dslc-image\">\r\n\r\n\t\t\t\r\n\t\t\t\t\r\n\t\t\t\t\t\t\t\t\t<img src=\"https:\/\/capri-com.fr\/wp-content\/uploads\/2022\/10\/IMG_0753-scaled-e1664716856667.jpg\" alt=\"\" title=\"\" srcset=\"https:\/\/capri-com.fr\/wp-content\/uploads\/2022\/10\/IMG_0753-scaled-e1664716856667.jpg 2560w, https:\/\/capri-com.fr\/wp-content\/uploads\/2022\/10\/IMG_0753-scaled-e1664716856667-300x133.jpg 300w, https:\/\/capri-com.fr\/wp-content\/uploads\/2022\/10\/IMG_0753-scaled-e1664716856667-1024x453.jpg 1024w, https:\/\/capri-com.fr\/wp-content\/uploads\/2022\/10\/IMG_0753-scaled-e1664716856667-768x340.jpg 768w, https:\/\/capri-com.fr\/wp-content\/uploads\/2022\/10\/IMG_0753-scaled-e1664716856667-1536x679.jpg 1536w, https:\/\/capri-com.fr\/wp-content\/uploads\/2022\/10\/IMG_0753-scaled-e1664716856667-2048x906.jpg 2048w\" sizes=\"(max-width: 2560px) 100vw, 2560px\" \/>\r\n\t\t\t\t\r\n\t\t\t\t\t\t\t\t\t<\/div><!-- .dslc-image -->\r\n\t\t<\/div>\r\n\t\t\r\n\t\t\t\t<\/div><!-- .dslc-module -->\r\n\t\t\r\n\t\t<div id=\"dslc-module-a2ff68b2dc5\" class=\"dslc-module-front dslc-module-DSLC_Navigation dslc-in-viewport-check dslc-in-viewport-anim-none  dslc-col dslc-12-col dslc-last-col  dslc-module-handle-like-regular \" data-module-id=\"a2ff68b2dc5\" data-module=\"DSLC_Navigation\" data-dslc-module-size=\"12\" data-dslc-anim=\"none\" data-dslc-anim-delay=\"0\" data-dslc-anim-duration=\"650\"  data-dslc-anim-easing=\"default\" data-dslc-preset=\"none\" >\r\n\r\n\t\t\t\r\n\t\t\t\r\n\t\t\t\t\t<div class=\"dslc-navigation dslc-navigation-sub-position-default dslc-navigation-res-t-disabled dslc-navigation-res-p-disabled dslc-navigation-orientation-horizontal\">\n\t\t\t\t<div class=\"dslc-navigation-inner\">\n\t\t\t\t\t<div class=\"menu-menu-container\"><ul id=\"menu-menu-1\" class=\"menu\"><li class=\"menu-item menu-item-type-post_type menu-item-object-page menu-item-home menu-item-576\"><a href=\"https:\/\/capri-com.fr\/\">Capricom'<\/a><\/li>\n<li class=\"menu-item menu-item-type-post_type menu-item-object-page menu-item-577\"><a href=\"https:\/\/capri-com.fr\/index.php\/15c42-web-agency-gb-about-us\/\">Qui suis-je ?<\/a><\/li>\n<li class=\"menu-item menu-item-type-post_type menu-item-object-page menu-item-578\"><a href=\"https:\/\/capri-com.fr\/index.php\/identite-visuelle-2\/\">Identit\u00e9 visuelle<\/a><\/li>\n<li class=\"menu-item menu-item-type-post_type menu-item-object-page menu-item-579\"><a href=\"https:\/\/capri-com.fr\/index.php\/15c42-web-agency-gb-portfolio\/\">Print<\/a><\/li>\n<li class=\"menu-item menu-item-type-post_type menu-item-object-page menu-item-580\"><a href=\"https:\/\/capri-com.fr\/index.php\/15c42-web-agency-gb-portfolio-single\/\">Web<\/a><\/li>\n<li class=\"menu-item menu-item-type-post_type menu-item-object-page menu-item-581\"><a href=\"https:\/\/capri-com.fr\/index.php\/15c42-web-agency-gb-contact-us\/\">Me contacter<\/a><\/li>\n<\/ul><\/div>\n\t\t\t\t\t\t\t\t\t<\/div>\n\t\t\t<\/div>\n\t\t\t<div class=\"dslc-mobile-navigation dslc-navigation-res-t-disabled  dslc-navigation-res-p-disabled\">\n\t\t\t\t<select><option>- Select -<\/option><option value=\"https:\/\/capri-com.fr\/\" >Capricom'<\/option><option value=\"https:\/\/capri-com.fr\/index.php\/15c42-web-agency-gb-about-us\/\" >Qui suis-je ?<\/option><option value=\"https:\/\/capri-com.fr\/index.php\/identite-visuelle-2\/\" >Identit\u00e9 visuelle<\/option><option value=\"https:\/\/capri-com.fr\/index.php\/15c42-web-agency-gb-portfolio\/\" >Print<\/option><option value=\"https:\/\/capri-com.fr\/index.php\/15c42-web-agency-gb-portfolio-single\/\" >Web<\/option><option value=\"https:\/\/capri-com.fr\/index.php\/15c42-web-agency-gb-contact-us\/\" >Me contacter<\/option><\/select>\n\t\t\t\t<div class=\"dslc-mobile-navigation-hook\"><span class=\"dslc-icon dslc-icon-reorder\"><\/span><\/div>\n\t\t\t<\/div><!-- .dslc-mobile-navigation -->\n\n\t\t\t\n\t\t\t<script type=\"text\/javascript\">\n\t\t\t\tvar menuItems = document.querySelectorAll( '.dslc-navigation .menu > li.menu-item-has-children:not(.menu-with-arrow) > a' );\n\n\t\t\t\tfor (var i = 0, len = menuItems.length; i < len; i++) {\n\t\t\t\t  menuItems[i].insertAdjacentHTML('afterend', '<span class=\"dslc-navigation-arrow dslc-icon dslc-icon-chevron-down\"><\/span>');\n\t\t\t\t  menuItems[i].parentElement.className += \" menu-with-arrow\";\n\t\t\t\t}\n\t\t\t<\/script>\n\t\t\t\r\n\t\t\t\t<\/div><!-- .dslc-module -->\r\n\t\t<\/div><\/div><\/div>\r\n\t\t\t<div  class=\"dslc-modules-section \" style=\"\" data-section-id=\"811f247952a\">\r\n\t\t\t\t\r\n\t\t\t\t\r\n\t\t\t\t<div class=\"dslc-modules-section-wrapper dslc-clearfix\"><div  class=\"dslc-modules-area dslc-col dslc-12-col dslc-last-col dslc-valign- \" data-size=\"12\" data-valign=\"\" data-modules-area-id=\"\" ><style type=\"text\/css\" id=\"dslca-modules-area-\"><\/style>\r\n\t\t<div id=\"dslc-module-769dcb51932\" class=\"dslc-module-front dslc-module-DSLC_TP_Title dslc-in-viewport-check dslc-in-viewport-anim-none  dslc-col dslc-12-col dslc-last-col  dslc-module-handle-like-regular \" data-module-id=\"769dcb51932\" data-module=\"DSLC_TP_Title\" data-dslc-module-size=\"12\" data-dslc-anim=\"none\" data-dslc-anim-delay=\"\" data-dslc-anim-duration=\"650\"  data-dslc-anim-easing=\"ease\" data-dslc-preset=\"none\" >\r\n\r\n\t\t\t\r\n\t\t\t\r\n\t\t\r\n\t<div class=\"dslc-tp-title\">\r\n\t\t\t\t\t<div class=\"dslc-tp-title\"><h1>Identit\u00e9 visuelle<\/h1><\/div>\r\n\t\t\t<\/div>\r\n\r\n\t\r\n\t\t\t\t<\/div><!-- .dslc-module -->\r\n\t\t<\/div><\/div><\/div>\r\n\t\t\t<div  class=\"dslc-modules-section \" style=\"padding-top:7px;padding-bottom:7px;\" data-section-id=\"241a1fda1bc\">\r\n\t\t\t\t\r\n\t\t\t\t\r\n\t\t\t\t<div class=\"dslc-modules-section-wrapper dslc-clearfix\"><div  class=\"dslc-modules-area dslc-col dslc-4-col dslc-first-col dslc-valign- \" data-size=\"4\" data-valign=\"\" data-modules-area-id=\"\" ><style type=\"text\/css\" id=\"dslca-modules-area-\"><\/style>\r\n\t\t<div id=\"dslc-module-08bc40659d2\" class=\"dslc-module-front dslc-module-DSLC_Text_Simple dslc-in-viewport-check dslc-in-viewport-anim-none  dslc-col dslc-12-col dslc-last-col  dslc-module-handle-like-regular \" data-module-id=\"08bc40659d2\" data-module=\"DSLC_Text_Simple\" data-dslc-module-size=\"12\" data-dslc-anim=\"none\" data-dslc-anim-delay=\"\" data-dslc-anim-duration=\"650\"  data-dslc-anim-easing=\"ease\" data-dslc-preset=\"none\" >\r\n\r\n\t\t\t\r\n\t\t\t\r\n\t\t\n\t\t<div class=\"dslc-text-module-content\">\n\t\t\t<p>Une oreille attentive et un accompagnement complet sont deux \u00e9l\u00e9ments extr\u00eamement important \u00e0 mes yeux pour \u00e9laborer une bonne strat\u00e9gie de communication avec le message que vous souhaitez transmettre.<\/p>\t\t<\/div>\n\n\t\t\r\n\t\t\t\t<\/div><!-- .dslc-module -->\r\n\t\t\r\n\t\t<div id=\"dslc-module-04d8689533a\" class=\"dslc-module-front dslc-module-DSLC_Separator dslc-in-viewport-check dslc-in-viewport-anim-none  dslc-col dslc-12-col dslc-last-col  dslc-module-handle-like-regular \" data-module-id=\"04d8689533a\" data-module=\"DSLC_Separator\" data-dslc-module-size=\"12\" data-dslc-anim=\"none\" data-dslc-anim-delay=\"0\" data-dslc-anim-duration=\"650\"  data-dslc-anim-easing=\"ease\" data-dslc-preset=\"none\" >\r\n\r\n\t\t\t\r\n\t\t\t\r\n\t\t\t\t\t<div class=\"dslc-separator-wrapper\">\n\t\t\t\t<div class=\"dslc-separator dslc-separator-style-invisible\">\n\t\t\t\t\t\t\t\t\t<\/div>\n\t\t\t\t<div><\/div>\n\t\t\t<\/div><!-- .dslc-separator-wrapper -->\n\t\t\t\r\n\t\t\t\t<\/div><!-- .dslc-module -->\r\n\t\t\r\n\t\t<div id=\"dslc-module-389da56068b\" class=\"dslc-module-front dslc-module-DSLC_Text_Simple dslc-in-viewport-check dslc-in-viewport-anim-none  dslc-col dslc-12-col dslc-last-col  dslc-module-handle-like-regular \" data-module-id=\"389da56068b\" data-module=\"DSLC_Text_Simple\" data-dslc-module-size=\"12\" data-dslc-anim=\"none\" data-dslc-anim-delay=\"\" data-dslc-anim-duration=\"650\"  data-dslc-anim-easing=\"ease\" data-dslc-preset=\"none\" >\r\n\r\n\t\t\t\r\n\t\t\t\r\n\t\t\n\t\t<div class=\"dslc-text-module-content\">\n\t\t\t<p><span style=\"color: #000000;\">C'est pourquoi je vous propose un accompagnement pluridisciplinaire :<\/span><\/p><ul><li>Elaboration ou refonte de votre logo<\/li><li>D\u00e9clinaison Print & Web<\/li><li>Accompagnement social m\u00e9dia<\/li><li>Cr\u00e9ation de site web<\/li><\/ul>\t\t<\/div>\n\n\t\t\r\n\t\t\t\t<\/div><!-- .dslc-module -->\r\n\t\t\r\n\t\t<div id=\"dslc-module-37088c830ba\" class=\"dslc-module-front dslc-module-DSLC_Separator dslc-in-viewport-check dslc-in-viewport-anim-none  dslc-col dslc-12-col dslc-last-col  dslc-module-handle-like-regular \" data-module-id=\"37088c830ba\" data-module=\"DSLC_Separator\" data-dslc-module-size=\"12\" data-dslc-anim=\"none\" data-dslc-anim-delay=\"0\" data-dslc-anim-duration=\"650\"  data-dslc-anim-easing=\"ease\" data-dslc-preset=\"none\" >\r\n\r\n\t\t\t\r\n\t\t\t\r\n\t\t\t\t\t<div class=\"dslc-separator-wrapper\">\n\t\t\t\t<div class=\"dslc-separator dslc-separator-style-invisible\">\n\t\t\t\t\t\t\t\t\t<\/div>\n\t\t\t\t<div><\/div>\n\t\t\t<\/div><!-- .dslc-separator-wrapper -->\n\t\t\t\r\n\t\t\t\t<\/div><!-- .dslc-module -->\r\n\t\t\r\n\t\t<div id=\"dslc-module-165f45a6b2e\" class=\"dslc-module-front dslc-module-DSLC_Image dslc-in-viewport-check dslc-in-viewport-anim-none  dslc-col dslc-12-col dslc-last-col  dslc-module-handle-like-regular \" data-module-id=\"165f45a6b2e\" data-module=\"DSLC_Image\" data-dslc-module-size=\"12\" data-dslc-anim=\"none\" data-dslc-anim-delay=\"\" data-dslc-anim-duration=\"650\"  data-dslc-anim-easing=\"ease\" data-dslc-preset=\"none\" >\r\n\r\n\t\t\t\r\n\t\t\t\r\n\t\t\t\t<div class=\"dslc-image-container\">\r\n\t\t<div class=\"dslc-image\">\r\n\r\n\t\t\t\r\n\t\t\t\t\r\n\t\t\t\t\t\t\t\t\t<img src=\"https:\/\/capri-com.fr\/wp-content\/uploads\/2022\/12\/logo-or-fete-de-noel-scaled.jpg\" alt=\"\" title=\"\" srcset=\"https:\/\/capri-com.fr\/wp-content\/uploads\/2022\/12\/logo-or-fete-de-noel-scaled.jpg 2560w, https:\/\/capri-com.fr\/wp-content\/uploads\/2022\/12\/logo-or-fete-de-noel-300x200.jpg 300w, https:\/\/capri-com.fr\/wp-content\/uploads\/2022\/12\/logo-or-fete-de-noel-1024x683.jpg 1024w, https:\/\/capri-com.fr\/wp-content\/uploads\/2022\/12\/logo-or-fete-de-noel-768x512.jpg 768w, https:\/\/capri-com.fr\/wp-content\/uploads\/2022\/12\/logo-or-fete-de-noel-1536x1024.jpg 1536w, https:\/\/capri-com.fr\/wp-content\/uploads\/2022\/12\/logo-or-fete-de-noel-2048x1365.jpg 2048w, https:\/\/capri-com.fr\/wp-content\/uploads\/2022\/12\/logo-or-fete-de-noel-930x620.jpg 930w\" sizes=\"(max-width: 2560px) 100vw, 2560px\" \/>\r\n\t\t\t\t\r\n\t\t\t\t\t\t\t\t\t<\/div><!-- .dslc-image -->\r\n\t\t<\/div>\r\n\t\t\r\n\t\t\t\t<\/div><!-- .dslc-module -->\r\n\t\t<\/div><div  class=\"dslc-modules-area dslc-col dslc-4-col  dslc-valign- \" data-size=\"4\" data-valign=\"\" data-modules-area-id=\"\" ><style type=\"text\/css\" id=\"dslca-modules-area-\"><\/style>\r\n\t\t<div id=\"dslc-module-9f7b8bc5f12\" class=\"dslc-module-front dslc-module-DSLC_Text_Simple dslc-in-viewport-check dslc-in-viewport-anim-none  dslc-col dslc-12-col dslc-last-col  dslc-module-handle-like-regular \" data-module-id=\"9f7b8bc5f12\" data-module=\"DSLC_Text_Simple\" data-dslc-module-size=\"12\" data-dslc-anim=\"none\" data-dslc-anim-delay=\"\" data-dslc-anim-duration=\"650\"  data-dslc-anim-easing=\"ease\" data-dslc-preset=\"none\" >\r\n\r\n\t\t\t\r\n\t\t\t\r\n\t\t\n\t\t<div class=\"dslc-text-module-content\">\n\t\t\t<p><span style=\"color: #000000;\">Ayant une<strong> formation de en imprimerie<\/strong> et notamment en <strong>production<\/strong> je saurais vous conseillez le support le plus adapter \u00e0 vos besoins.<br>Avant toute chose cette exp\u00e9rience me permet de voir au del\u00e0 des logiciels et d'avoir une <strong>approche\u00a0pluridisciplinaire<\/strong> pour vos supports.<br><br><\/span><\/p>\t\t<\/div>\n\n\t\t\r\n\t\t\t\t<\/div><!-- .dslc-module -->\r\n\t\t\r\n\t\t<div id=\"dslc-module-78810bfb7bc\" class=\"dslc-module-front dslc-module-DSLC_Separator dslc-in-viewport-check dslc-in-viewport-anim-none  dslc-col dslc-12-col dslc-last-col  dslc-module-handle-like-regular \" data-module-id=\"78810bfb7bc\" data-module=\"DSLC_Separator\" data-dslc-module-size=\"12\" data-dslc-anim=\"none\" data-dslc-anim-delay=\"0\" data-dslc-anim-duration=\"650\"  data-dslc-anim-easing=\"ease\" data-dslc-preset=\"none\" >\r\n\r\n\t\t\t\r\n\t\t\t\r\n\t\t\t\t\t<div class=\"dslc-separator-wrapper\">\n\t\t\t\t<div class=\"dslc-separator dslc-separator-style-invisible\">\n\t\t\t\t\t\t\t\t\t<\/div>\n\t\t\t\t<div><\/div>\n\t\t\t<\/div><!-- .dslc-separator-wrapper -->\n\t\t\t\r\n\t\t\t\t<\/div><!-- .dslc-module -->\r\n\t\t\r\n\t\t<div id=\"dslc-module-df540f3abaf\" class=\"dslc-module-front dslc-module-DSLC_Image dslc-in-viewport-check dslc-in-viewport-anim-none  dslc-col dslc-12-col dslc-last-col  dslc-module-handle-like-regular \" data-module-id=\"df540f3abaf\" data-module=\"DSLC_Image\" data-dslc-module-size=\"12\" data-dslc-anim=\"none\" data-dslc-anim-delay=\"\" data-dslc-anim-duration=\"650\"  data-dslc-anim-easing=\"ease\" data-dslc-preset=\"none\" >\r\n\r\n\t\t\t\r\n\t\t\t\r\n\t\t\t\t<div class=\"dslc-image-container\">\r\n\t\t<div class=\"dslc-image\">\r\n\r\n\t\t\t\r\n\t\t\t\t\r\n\t\t\t\t\t\t\t\t\t<img src=\"https:\/\/capri-com.fr\/wp-content\/uploads\/2022\/12\/branding-cuisine-et-passion-2.png\" alt=\"\" title=\"\" srcset=\"https:\/\/capri-com.fr\/wp-content\/uploads\/2022\/12\/branding-cuisine-et-passion-2.png 4000w, https:\/\/capri-com.fr\/wp-content\/uploads\/2022\/12\/branding-cuisine-et-passion-2-300x240.png 300w, https:\/\/capri-com.fr\/wp-content\/uploads\/2022\/12\/branding-cuisine-et-passion-2-1024x819.png 1024w, https:\/\/capri-com.fr\/wp-content\/uploads\/2022\/12\/branding-cuisine-et-passion-2-768x614.png 768w, https:\/\/capri-com.fr\/wp-content\/uploads\/2022\/12\/branding-cuisine-et-passion-2-1536x1229.png 1536w, https:\/\/capri-com.fr\/wp-content\/uploads\/2022\/12\/branding-cuisine-et-passion-2-2048x1638.png 2048w\" sizes=\"(max-width: 4000px) 100vw, 4000px\" \/>\r\n\t\t\t\t\r\n\t\t\t\t\t\t\t\t\t<\/div><!-- .dslc-image -->\r\n\t\t<\/div>\r\n\t\t\r\n\t\t\t\t<\/div><!-- .dslc-module -->\r\n\t\t\r\n\t\t<div id=\"dslc-module-85b40b2b654\" class=\"dslc-module-front dslc-module-DSLC_Separator dslc-in-viewport-check dslc-in-viewport-anim-none  dslc-col dslc-12-col dslc-last-col  dslc-module-handle-like-regular \" data-module-id=\"85b40b2b654\" data-module=\"DSLC_Separator\" data-dslc-module-size=\"12\" data-dslc-anim=\"none\" data-dslc-anim-delay=\"0\" data-dslc-anim-duration=\"650\"  data-dslc-anim-easing=\"ease\" data-dslc-preset=\"none\" >\r\n\r\n\t\t\t\r\n\t\t\t\r\n\t\t\t\t\t<div class=\"dslc-separator-wrapper\">\n\t\t\t\t<div class=\"dslc-separator dslc-separator-style-invisible\">\n\t\t\t\t\t\t\t\t\t<\/div>\n\t\t\t\t<div><\/div>\n\t\t\t<\/div><!-- .dslc-separator-wrapper -->\n\t\t\t\r\n\t\t\t\t<\/div><!-- .dslc-module -->\r\n\t\t\r\n\t\t<div id=\"dslc-module-34ab5480cd7\" class=\"dslc-module-front dslc-module-DSLC_Text_Simple dslc-in-viewport-check dslc-in-viewport-anim-none  dslc-col dslc-12-col dslc-last-col  dslc-module-handle-like-regular \" data-module-id=\"34ab5480cd7\" data-module=\"DSLC_Text_Simple\" data-dslc-module-size=\"12\" data-dslc-anim=\"none\" data-dslc-anim-delay=\"\" data-dslc-anim-duration=\"650\"  data-dslc-anim-easing=\"ease\" data-dslc-preset=\"none\" >\r\n\r\n\t\t\t\r\n\t\t\t\r\n\t\t\n\t\t<div class=\"dslc-text-module-content\">\n\t\t\t<p><!-- wp:paragraph {\"textColor\":\"nv-site-bg\",\"fontSize\":\"extra-small\"} --><\/p><p class=\"has-nv-site-bg-color has-text-color has-extra-small-font-size\"><span style=\"color: #000000;\">Au del\u00e0 d'une consultante en communication globale je suis passionn\u00e9e par de nombreux sujets !<\/span><\/p><p><span style=\"color: #000000;\"><!-- \/wp:paragraph --> <!-- wp:list {\"textColor\":\"nv-site-bg\"} --><\/span><\/p><ul><li><span style=\"color: #000000;\">La Photographie & le dessin<\/span><\/li><li><span style=\"color: #000000;\">L'Histoire & la g\u00e9n\u00e9alogie<\/span><\/li><li><span style=\"color: #000000;\">Les voyages<\/span><\/li><\/ul><p><span style=\"color: #000000;\"><!-- \/wp:list --><\/span><\/p>\t\t<\/div>\n\n\t\t\r\n\t\t\t\t<\/div><!-- .dslc-module -->\r\n\t\t<\/div><div  class=\"dslc-modules-area dslc-col dslc-4-col dslc-last-col dslc-valign- \" data-size=\"4\" data-valign=\"\" data-modules-area-id=\"\" ><style type=\"text\/css\" id=\"dslca-modules-area-\"><\/style>\r\n\t\t<div id=\"dslc-module-9be0f0a836b\" class=\"dslc-module-front dslc-module-DSLC_Image dslc-in-viewport-check dslc-in-viewport-anim-none  dslc-col dslc-12-col dslc-last-col  dslc-module-handle-like-regular \" data-module-id=\"9be0f0a836b\" data-module=\"DSLC_Image\" data-dslc-module-size=\"12\" data-dslc-anim=\"none\" data-dslc-anim-delay=\"\" data-dslc-anim-duration=\"650\"  data-dslc-anim-easing=\"ease\" data-dslc-preset=\"none\" >\r\n\r\n\t\t\t\r\n\t\t\t\r\n\t\t\t\t<div class=\"dslc-image-container\">\r\n\t\t<div class=\"dslc-image\">\r\n\r\n\t\t\t\r\n\t\t\t\t\r\n\t\t\t\t\t\t\t\t\t<img src=\"https:\/\/capri-com.fr\/wp-content\/uploads\/2022\/09\/Michael-Kraemer-Rollup-1.png\" alt=\"\" title=\"\" srcset=\"https:\/\/capri-com.fr\/wp-content\/uploads\/2022\/09\/Michael-Kraemer-Rollup-1.png 4000w, https:\/\/capri-com.fr\/wp-content\/uploads\/2022\/09\/Michael-Kraemer-Rollup-1-240x300.png 240w, https:\/\/capri-com.fr\/wp-content\/uploads\/2022\/09\/Michael-Kraemer-Rollup-1-819x1024.png 819w, https:\/\/capri-com.fr\/wp-content\/uploads\/2022\/09\/Michael-Kraemer-Rollup-1-768x960.png 768w, https:\/\/capri-com.fr\/wp-content\/uploads\/2022\/09\/Michael-Kraemer-Rollup-1-1229x1536.png 1229w, https:\/\/capri-com.fr\/wp-content\/uploads\/2022\/09\/Michael-Kraemer-Rollup-1-1638x2048.png 1638w\" sizes=\"(max-width: 4000px) 100vw, 4000px\" \/>\r\n\t\t\t\t\r\n\t\t\t\t\t\t\t\t\t<\/div><!-- .dslc-image -->\r\n\t\t<\/div>\r\n\t\t\r\n\t\t\t\t<\/div><!-- .dslc-module -->\r\n\t\t<\/div><\/div><\/div><\/div><\/div>","protected":false},"excerpt":{"rendered":"<p>Capricom' Qui suis-je ? Identit\u00e9 visuelle Print Web Me contacter - Select -Capricom'Qui suis-je ?Identit\u00e9 visuellePrintWebMe contacter Identit\u00e9 visuelle Une oreille attentive et un accompagnement complet sont deux \u00e9l\u00e9ments extr\u00eamement important \u00e0 mes yeux pour \u00e9laborer une bonne strat\u00e9gie de communication avec le message que vous souhaitez transmettre. C'est pourquoi je vous propose un accompagnement&hellip;&nbsp;<a href=\"https:\/\/capri-com.fr\/index.php\/identite-visuelle-2\/\" rel=\"bookmark\">Lire la suite &raquo;<span class=\"screen-reader-text\">Identit\u00e9 visuelle<\/span><\/a><\/p>\n","protected":false},"author":1,"featured_media":0,"parent":0,"menu_order":0,"comment_status":"closed","ping_status":"closed","template":"","meta":{"neve_meta_sidebar":"full-width","neve_meta_container":"full-width","neve_meta_enable_content_width":"on","neve_meta_content_width":100,"neve_meta_title_alignment":"","neve_meta_author_avatar":"","neve_post_elements_order":"","neve_meta_disable_header":"","neve_meta_disable_footer":"","neve_meta_disable_title":"on","footnotes":""},"class_list":["post-573","page","type-page","status-publish","hentry"],"_links":{"self":[{"href":"https:\/\/capri-com.fr\/index.php\/wp-json\/wp\/v2\/pages\/573","targetHints":{"allow":["GET"]}}],"collection":[{"href":"https:\/\/capri-com.fr\/index.php\/wp-json\/wp\/v2\/pages"}],"about":[{"href":"https:\/\/capri-com.fr\/index.php\/wp-json\/wp\/v2\/types\/page"}],"author":[{"embeddable":true,"href":"https:\/\/capri-com.fr\/index.php\/wp-json\/wp\/v2\/users\/1"}],"replies":[{"embeddable":true,"href":"https:\/\/capri-com.fr\/index.php\/wp-json\/wp\/v2\/comments?post=573"}],"version-history":[{"count":7,"href":"https:\/\/capri-com.fr\/index.php\/wp-json\/wp\/v2\/pages\/573\/revisions"}],"predecessor-version":[{"id":598,"href":"https:\/\/capri-com.fr\/index.php\/wp-json\/wp\/v2\/pages\/573\/revisions\/598"}],"wp:attachment":[{"href":"https:\/\/capri-com.fr\/index.php\/wp-json\/wp\/v2\/media?parent=573"}],"curies":[{"name":"wp","href":"https:\/\/api.w.org\/{rel}","templated":true}]}}