{"id":308,"date":"2020-01-13T11:17:52","date_gmt":"2020-01-13T11:17:52","guid":{"rendered":"https:\/\/demosites.io\/web-agency-gb\/?page_id=5"},"modified":"2023-09-12T20:43:30","modified_gmt":"2023-09-12T18:43:30","slug":"15c42-web-agency-gb-home","status":"publish","type":"page","link":"https:\/\/capri-com.fr\/","title":{"rendered":"Capricom'"},"content":{"rendered":"<div id=\"dslc-theme-content\"><div id=\"dslc-theme-content-inner\">\n<div class=\"wp-block-cover alignfull\" style=\"min-height:657px;aspect-ratio:unset;\"><span aria-hidden=\"true\" class=\"wp-block-cover__background has-nv-dark-bg-background-color has-background-dim-0 has-background-dim\"><\/span><img loading=\"lazy\" decoding=\"async\" width=\"5692\" height=\"3200\" class=\"wp-block-cover__image-background wp-image-636\" alt=\"Banni\u00e8re de pr\u00e9sentation site web\" src=\"https:\/\/capri-com.fr\/wp-content\/uploads\/2023\/09\/banniere2_banniere5.png\" data-object-fit=\"cover\" srcset=\"https:\/\/capri-com.fr\/wp-content\/uploads\/2023\/09\/banniere2_banniere5.png 5692w, https:\/\/capri-com.fr\/wp-content\/uploads\/2023\/09\/banniere2_banniere5-300x169.png 300w, https:\/\/capri-com.fr\/wp-content\/uploads\/2023\/09\/banniere2_banniere5-1024x576.png 1024w, https:\/\/capri-com.fr\/wp-content\/uploads\/2023\/09\/banniere2_banniere5-768x432.png 768w, https:\/\/capri-com.fr\/wp-content\/uploads\/2023\/09\/banniere2_banniere5-1536x864.png 1536w, https:\/\/capri-com.fr\/wp-content\/uploads\/2023\/09\/banniere2_banniere5-2048x1151.png 2048w\" sizes=\"auto, (max-width: 5692px) 100vw, 5692px\" \/><div class=\"wp-block-cover__inner-container is-layout-flow wp-block-cover-is-layout-flow\">\n<div style=\"height:213px\" aria-hidden=\"true\" class=\"wp-block-spacer\"><\/div>\n\n\n\n<div style=\"height:100px\" aria-hidden=\"true\" class=\"wp-block-spacer\"><\/div>\n\n\n\n<div style=\"height:61px\" aria-hidden=\"true\" class=\"wp-block-spacer\"><\/div>\n\n\n\n<div class=\"wp-block-buttons is-horizontal is-content-justification-space-between is-layout-flex wp-container-core-buttons-is-layout-9262d1ff wp-block-buttons-is-layout-flex\">\n<div class=\"wp-block-button is-style-primary\"><a class=\"wp-block-button__link has-background wp-element-button\" href=\"https:\/\/capri-com.fr\/index.php\/15c42-web-agency-gb-about-us\/\" style=\"border-radius:14px;background-color:#f8a800\">Qui suis-je ?<\/a><\/div>\n\n\n\n<div class=\"wp-block-button is-style-primary\"><a class=\"wp-block-button__link has-background wp-element-button\" href=\"https:\/\/capri-com.fr\/index.php\/identite-visuelle-2\/\" style=\"border-radius:14px;background-color:#f8a800\">Identit\u00e9 visuelle<\/a><\/div>\n\n\n\n<div class=\"wp-block-button is-style-primary\"><a class=\"wp-block-button__link has-background wp-element-button\" href=\"https:\/\/capri-com.fr\/index.php\/15c42-web-agency-gb-portfolio\/\" style=\"border-radius:14px;background-color:#f8a800\">Print<\/a><\/div>\n\n\n\n<div class=\"wp-block-button is-style-primary\"><a class=\"wp-block-button__link has-background wp-element-button\" href=\"https:\/\/capri-com.fr\/index.php\/15c42-web-agency-gb-portfolio-single\/\" style=\"border-radius:14px;background-color:#f8a800\">Web<\/a><\/div>\n\n\n\n<div class=\"wp-block-button is-style-primary\"><a class=\"wp-block-button__link has-nv-dark-bg-color has-text-color has-background wp-element-button\" href=\"https:\/\/capri-com.fr\/index.php\/15c42-web-agency-gb-contact-us\/\" style=\"border-radius:14px;background-color:#f8a800\">Me contacter<\/a><\/div>\n<\/div>\n<\/div><\/div>\n\n\n\n<div style=\"height:80px\" aria-hidden=\"true\" class=\"wp-block-spacer\"><\/div>\n\n\n\n<h2 class=\"wp-block-heading\"><\/h2>\n\n\n\n<div class=\"wp-block-group\"><div class=\"wp-block-group__inner-container is-layout-constrained wp-block-group-is-layout-constrained\">\n<div class=\"wp-block-columns is-layout-flex wp-container-core-columns-is-layout-9d6595d7 wp-block-columns-is-layout-flex\">\n<div class=\"wp-block-column is-layout-flow wp-block-column-is-layout-flow\"><div class=\"wp-block-image icon-style is-style-rounded\">\n<figure class=\"aligncenter size-full is-resized\"><img loading=\"lazy\" decoding=\"async\" src=\"https:\/\/capri-com.fr\/wp-content\/uploads\/2023\/09\/icon_Plan-de-travail-1.png\" alt=\"Icon d'une loupe grossissante - dialogue - obtenir information pour l'\u00e9laboration d'une communication pertinente.\" class=\"wp-image-642\" style=\"width:84px;height:84px\" width=\"84\" height=\"84\" title=\"\" srcset=\"https:\/\/capri-com.fr\/wp-content\/uploads\/2023\/09\/icon_Plan-de-travail-1.png 300w, https:\/\/capri-com.fr\/wp-content\/uploads\/2023\/09\/icon_Plan-de-travail-1-150x150.png 150w\" sizes=\"auto, (max-width: 84px) 100vw, 84px\" \/><\/figure>\n<\/div>\n\n\n<div style=\"height:17px\" aria-hidden=\"true\" class=\"wp-block-spacer\"><\/div>\n\n\n\n<h3 class=\"wp-block-heading has-text-align-center has-neve-text-color-color has-text-color\">Attentive<\/h3>\n\n\n\n<p class=\"has-text-align-center\">Mes oreilles &amp; ma sensibilit\u00e9 <br>seront \u00e0 votre \u00e9coute tout au long <br>de notre collaboration !<\/p>\n\n\n\n<div style=\"height:20px\" aria-hidden=\"true\" class=\"wp-block-spacer\"><\/div>\n<\/div>\n\n\n\n<div class=\"wp-block-column is-layout-flow wp-block-column-is-layout-flow\"><div class=\"wp-block-image icon-style is-style-rounded\">\n<figure class=\"aligncenter size-full is-resized\"><img loading=\"lazy\" decoding=\"async\" src=\"https:\/\/capri-com.fr\/wp-content\/uploads\/2023\/09\/icon-02.png\" alt=\"\" class=\"wp-image-643\" style=\"width:83px;height:83px\" width=\"83\" height=\"83\" srcset=\"https:\/\/capri-com.fr\/wp-content\/uploads\/2023\/09\/icon-02.png 301w, https:\/\/capri-com.fr\/wp-content\/uploads\/2023\/09\/icon-02-150x150.png 150w\" sizes=\"auto, (max-width: 83px) 100vw, 83px\" \/><\/figure>\n<\/div>\n\n\n<div style=\"height:17px\" aria-hidden=\"true\" class=\"wp-block-spacer\"><\/div>\n\n\n\n<h3 class=\"wp-block-heading has-text-align-center has-neve-text-color-color has-text-color\">Polyvalente<\/h3>\n\n\n\n<p class=\"has-text-align-center\">Vous b\u00e9n\u00e9ficierez d'une r\u00e9elle <br>expertise multi supports et d'un accompagnement Print &amp; Web.<\/p>\n\n\n\n<div style=\"height:20px\" aria-hidden=\"true\" class=\"wp-block-spacer\"><\/div>\n<\/div>\n\n\n\n<div class=\"wp-block-column is-layout-flow wp-block-column-is-layout-flow\"><div class=\"wp-block-image icon-style is-style-rounded\">\n<figure class=\"aligncenter size-full is-resized\"><img loading=\"lazy\" decoding=\"async\" src=\"https:\/\/capri-com.fr\/wp-content\/uploads\/2023\/09\/icon-03.png\" alt=\"\" class=\"wp-image-645\" style=\"width:83px;height:83px\" width=\"83\" height=\"83\" srcset=\"https:\/\/capri-com.fr\/wp-content\/uploads\/2023\/09\/icon-03.png 300w, https:\/\/capri-com.fr\/wp-content\/uploads\/2023\/09\/icon-03-150x150.png 150w\" sizes=\"auto, (max-width: 83px) 100vw, 83px\" \/><\/figure>\n<\/div>\n\n\n<div style=\"height:17px\" aria-hidden=\"true\" class=\"wp-block-spacer\"><\/div>\n\n\n\n<h3 class=\"wp-block-heading has-text-align-center has-neve-text-color-color has-text-color\">Cr\u00e9ative<\/h3>\n\n\n\n<p class=\"has-text-align-center\">Vous disposerez de mes palettes <br>de couleur et de mon regard <br>pour dessiner vos projets.<\/p>\n\n\n\n<div style=\"height:20px\" aria-hidden=\"true\" class=\"wp-block-spacer\"><\/div>\n<\/div>\n<\/div>\n<\/div><\/div>\n\n\n\n<div style=\"height:18px\" aria-hidden=\"true\" class=\"wp-block-spacer\"><\/div>\n\n\n\n<div class=\"wp-block-cover alignfull\" style=\"min-height:420px;aspect-ratio:unset;\"><span aria-hidden=\"true\" class=\"wp-block-cover__background has-background-dim-100 has-background-dim\" style=\"background-color:#230eae\"><\/span><div class=\"wp-block-cover__inner-container is-layout-flow wp-block-cover-is-layout-flow\">\n<div style=\"height:80px\" aria-hidden=\"true\" class=\"wp-block-spacer\"><\/div>\n\n\n\n<div class=\"wp-block-columns is-layout-flex wp-container-core-columns-is-layout-9d6595d7 wp-block-columns-is-layout-flex\">\n<div class=\"wp-block-column ticss-4ce656f1 is-layout-flow wp-block-column-is-layout-flow\">\n<figure class=\"wp-block-image size-full is-resized is-style-rounded\"><img loading=\"lazy\" decoding=\"async\" src=\"https:\/\/capri-com.fr\/wp-content\/uploads\/2023\/08\/EZP04193-e1694543424418.jpg\" alt=\"\" class=\"wp-image-621\" style=\"width:83px;height:83px\" width=\"83\" height=\"83\"\/><\/figure>\n\n\n\n<p class=\"has-nv-text-dark-bg-color has-text-color\"><mark style=\"background-color:rgba(0, 0, 0, 0)\" class=\"has-inline-color has-nv-site-bg-color\">Je tenais \u00e0 te remercier pour le merveilleux travail que tu as r\u00e9alis\u00e9 sur mon site Web. Tu es tr\u00e8s professionnelle, \u00e0 l'\u00e9coute des besoins et surtout tu as une grande force d'adaptation.<\/mark><\/p>\n\n\n\n<p class=\"has-nv-text-dark-bg-color has-text-color\"><mark style=\"background-color:rgba(0, 0, 0, 0)\" class=\"has-inline-color has-nv-text-dark-bg-color\">Merci encore Gwendydd !<\/mark><\/p>\n\n\n\n<p class=\"has-nv-site-bg-color has-text-color\">Damien de Angelis<\/p>\n\n\n\n<div style=\"height:20px\" aria-hidden=\"true\" class=\"wp-block-spacer\"><\/div>\n<\/div>\n\n\n\n<div class=\"wp-block-column ticss-f6fc7494 is-layout-flow wp-block-column-is-layout-flow\">\n<figure class=\"wp-block-image size-large is-resized is-style-rounded\"><img loading=\"lazy\" decoding=\"async\" src=\"http:\/\/capri-com.fr\/wp-content\/uploads\/2022\/09\/Michael-Kraemer-Rollup-1-819x1024.png\" alt=\"\" class=\"wp-image-398\" style=\"width:80px;height:80px\" width=\"80\" height=\"80\"\/><\/figure>\n\n\n\n<p><mark style=\"background-color:rgba(0, 0, 0, 0)\" class=\"has-inline-color has-nv-text-dark-bg-color\">Gwendydd nous a accompagn\u00e9 lors des \u00e9lections l\u00e9gislatives alors que pour Yasmine et moi, c\u2019\u00e9tait une premi\u00e8re. Avec aplomb, elle a su nous proposer les bons mots, les bonnes compositions, les bons graphismes pour faire passer notre message.<\/mark><\/p>\n\n\n\n<p><mark style=\"background-color:rgba(0, 0, 0, 0)\" class=\"has-inline-color has-nv-text-dark-bg-color\">Nous retravaillerons avec Gwendydd pour la prochaine sans aucun doute. Vous pouvez la contacter les yeux ferm\u00e9s !<\/mark><\/p>\n\n\n\n<p class=\"has-neve-text-color-color has-text-color\"><mark style=\"background-color:rgba(0, 0, 0, 0)\" class=\"has-inline-color has-nv-text-dark-bg-color\">Micha\u00ebl Kraemer<\/mark><\/p>\n\n\n\n<div style=\"height:20px\" aria-hidden=\"true\" class=\"wp-block-spacer\"><\/div>\n<\/div>\n\n\n\n<div class=\"wp-block-column ticss-a5b4df29 is-layout-flow wp-block-column-is-layout-flow\">\n<figure class=\"wp-block-image size-full is-resized is-style-rounded\"><img loading=\"lazy\" decoding=\"async\" src=\"http:\/\/capri-com.fr\/wp-content\/uploads\/2023\/08\/logo.png\" alt=\"\" class=\"wp-image-622\" style=\"width:80px;height:80px\" width=\"80\" height=\"80\" srcset=\"https:\/\/capri-com.fr\/wp-content\/uploads\/2023\/08\/logo.png 503w, https:\/\/capri-com.fr\/wp-content\/uploads\/2023\/08\/logo-300x300.png 300w, https:\/\/capri-com.fr\/wp-content\/uploads\/2023\/08\/logo-150x150.png 150w\" sizes=\"auto, (max-width: 80px) 100vw, 80px\" \/><\/figure>\n\n\n\n<p class=\"has-text-align-left has-nv-site-bg-color has-text-color\">Merci pour votre rapidit\u00e9 et efficacit\u00e9 dans la refonte des diff\u00e9rentes cartes du restaurant Les fichiers sont totalement conformes \u00e0 nos attentes .<\/p>\n\n\n\n<p class=\"has-neve-text-color-color has-text-color\"><mark style=\"background-color:rgba(0, 0, 0, 0)\" class=\"has-inline-color has-nv-text-dark-bg-color\">Anthony<\/mark><\/p>\n\n\n\n<div style=\"height:157px\" aria-hidden=\"true\" class=\"wp-block-spacer\"><\/div>\n\n\n\n<div class=\"wp-block-buttons is-content-justification-right is-layout-flex wp-container-core-buttons-is-layout-765c4724 wp-block-buttons-is-layout-flex\">\n<div class=\"wp-block-button\"><a class=\"wp-block-button__link has-neve-link-color-background-color has-text-color has-background wp-element-button\" href=\"https:\/\/www.instagram.com\/studio.capricom\/?hl=fr\" style=\"border-radius:100px;color:#230eae\">Restons en contact<\/a><\/div>\n<\/div>\n<\/div>\n<\/div>\n\n\n\n<div style=\"height:30px\" aria-hidden=\"true\" class=\"wp-block-spacer\"><\/div>\n<\/div><\/div>\n<\/div><\/div>","protected":false},"excerpt":{"rendered":"<p>Attentive Mes oreilles &amp; ma sensibilit\u00e9 seront \u00e0 votre \u00e9coute tout au long de notre collaboration ! Polyvalente Vous b\u00e9n\u00e9ficierez d'une r\u00e9elle expertise multi supports et d'un accompagnement Print &amp; Web. Cr\u00e9ative Vous disposerez de mes palettes de couleur et de mon regard pour dessiner vos projets.<\/p>\n","protected":false},"author":1,"featured_media":0,"parent":0,"menu_order":0,"comment_status":"closed","ping_status":"closed","template":"","meta":{"neve_meta_sidebar":"full-width","neve_meta_container":"contained","neve_meta_enable_content_width":"on","neve_meta_content_width":100,"neve_meta_title_alignment":"","neve_meta_author_avatar":"","neve_post_elements_order":"","neve_meta_disable_header":"","neve_meta_disable_footer":"","neve_meta_disable_title":"on","footnotes":""},"class_list":["post-308","page","type-page","status-publish","hentry"],"_links":{"self":[{"href":"https:\/\/capri-com.fr\/index.php\/wp-json\/wp\/v2\/pages\/308","targetHints":{"allow":["GET"]}}],"collection":[{"href":"https:\/\/capri-com.fr\/index.php\/wp-json\/wp\/v2\/pages"}],"about":[{"href":"https:\/\/capri-com.fr\/index.php\/wp-json\/wp\/v2\/types\/page"}],"author":[{"embeddable":true,"href":"https:\/\/capri-com.fr\/index.php\/wp-json\/wp\/v2\/users\/1"}],"replies":[{"embeddable":true,"href":"https:\/\/capri-com.fr\/index.php\/wp-json\/wp\/v2\/comments?post=308"}],"version-history":[{"count":47,"href":"https:\/\/capri-com.fr\/index.php\/wp-json\/wp\/v2\/pages\/308\/revisions"}],"predecessor-version":[{"id":657,"href":"https:\/\/capri-com.fr\/index.php\/wp-json\/wp\/v2\/pages\/308\/revisions\/657"}],"wp:attachment":[{"href":"https:\/\/capri-com.fr\/index.php\/wp-json\/wp\/v2\/media?parent=308"}],"curies":[{"name":"wp","href":"https:\/\/api.w.org\/{rel}","templated":true}]}}